{"id":2414,"date":"2024-12-13T17:07:00","date_gmt":"2024-12-13T16:07:00","guid":{"rendered":"http:\/\/caponord-sports-orientation.fr\/wordpress\/?page_id=2414"},"modified":"2025-04-14T20:04:47","modified_gmt":"2025-04-14T18:04:47","slug":"le-calendrier","status":"publish","type":"page","link":"https:\/\/caponord-sports-orientation.fr\/index.php\/le-calendrier\/","title":{"rendered":"Calendrier 2025 Janvier \u00e0 Mars"},"content":{"rendered":"Le calendrier de janvier \u00e0 mars 2025 :\n\n<!-- \/wp:post-content --><!-- wp:paragraph -->\n<h6>RAPPEL : Avant toute participation, et si possible 2 jours avant,\n&gt; pour les licenci\u00e9s, il faut vous inscrire dans la rubrique Les Inscriptions,\n&gt; pour les autres, envoyez un email \u00e0 l&#8217;adresse de contact. Nous vous enverrons le lieu de rendez-vous.<\/h6>\n<span style=\"color: #ff0000;\">Modifications en rouge le : 14\/04\/25<\/span>\n<table>\n<tbody>\n<tr>\n<td style=\"background-color: #ffffff;\">L\u00e9gende :<\/td>\n<td style=\"background-color: #ff9f33; text-align: center;\">Ent + Ecole de CO<\/td>\n<td style=\"background-color: #ff6600; text-align: center;\">Nos manifestations<\/td>\n<td style=\"background-color: #f033ff; text-align: center;\">Courses &#8211; Comp\u00e9titions<\/td>\n<td style=\"background-color: #42ff33; text-align: center;\">Challenge O&#8217;Weekend<\/td>\n<td style=\"background-color: #eb3333; text-align: center;\">Vacances<\/td>\n<\/tr>\n<\/tbody>\n<\/table>\n<!-- \/wp:paragraph --><!-- wp:paragraph -->\n\n<!-- \/wp:paragraph --><!-- wp:table -->\n<figure>\n<table>\n<tbody>\n<tr>\n<td style=\"background-color: #ff9f33;\">Sam\u00a011\/01<\/td>\n<td style=\"background-color: #ff9f33;\">Entrainement CO + Ecole de CO<\/td>\n<td style=\"background-color: #ff9f33;\"><span style=\"color: #ff0000;\"><del>Bergues<\/del> annul\u00e9<\/span><\/td>\n<\/tr>\n<tr>\n<td style=\"background-color: #ff9f33;\">Sam\u00a018\/01<\/td>\n<td style=\"background-color: #ff9f33;\">Entrainement CO + Ecole de CO<\/td>\n<td style=\"background-color: #ff9f33;\">Grande-Synthe<\/td>\n<\/tr>\n<tr>\n<td style=\"background-color: #ff6600;\">Sam 25\/01<\/td>\n<td style=\"background-color: #ff6600;\">Assembl\u00e9e G\u00e9n\u00e9rale<\/td>\n<td style=\"background-color: #ff6600;\">Grande-Synthe<\/td>\n<\/tr>\n<tr>\n<td style=\"background-color: #f033ff;\">Dim 26\/01<\/td>\n<td style=\"background-color: #f033ff;\">Raid O&#8217;fti<\/td>\n<td style=\"background-color: #f033ff;\">Belgique<\/td>\n<\/tr>\n<tr>\n<td style=\"background-color: #ff6600;\">Sam 01\/02<\/td>\n<td style=\"background-color: #ff6600;\">2 CO Sprint<\/td>\n<td style=\"background-color: #ff6600;\">Calais<\/td>\n<\/tr>\n<tr>\n<td style=\"background-color: #ff9f33;\">Sam 08\/02<\/td>\n<td style=\"background-color: #ff9f33;\">Entrainement CO + Ecole de CO<\/td>\n<td style=\"background-color: #ff9f33;\"><span style=\"color: #ff0000;\">Bois des Forts<\/span><\/td>\n<\/tr>\n<tr>\n<td style=\"background-color: #eb3333;\">Sam 15\/02<\/td>\n<td style=\"background-color: #eb3333;\">Vacances<\/td>\n<td style=\"background-color: #eb3333;\">&#8230;<\/td>\n<\/tr>\n<tr>\n<td style=\"background-color: #eb3333;\">Sam 22\/02<\/td>\n<td style=\"background-color: #eb3333;\">Vacances<\/td>\n<td style=\"background-color: #eb3333;\">&#8230;<\/td>\n<\/tr>\n<tr>\n<td style=\"background-color: #ff9f33;\">Sam 01\/03<\/td>\n<td style=\"background-color: #ff9f33;\">Entrainement CO + Ecole de CO<\/td>\n<td style=\"background-color: #ff9f33;\"><span style=\"color: #ff0000;\">Bois des Forts<\/span><\/td>\n<\/tr>\n<tr>\n<td style=\"background-color: #f033ff;\">Dim 01\/03<\/td>\n<td style=\"background-color: #f033ff;\">Interland<\/td>\n<td style=\"background-color: #f033ff;\">Hollande<\/td>\n<\/tr>\n<tr>\n<td style=\"background-color: #f033ff;\">Dim 02\/03<\/td>\n<td style=\"background-color: #f033ff;\">Interland<\/td>\n<td style=\"background-color: #f033ff;\">Hollande<\/td>\n<\/tr>\n<tr>\n<td style=\"background-color: #ff9f33;\">Sam 08\/03<\/td>\n<td style=\"background-color: #ff9f33;\">Entrainement CO + Ecole de CO<\/td>\n<td style=\"background-color: #ff9f33;\"><span style=\"color: #ff0000;\">Leffrinckoucke<\/span><\/td>\n<\/tr>\n<tr>\n<td style=\"background-color: #f033ff;\">Dim 09\/03<\/td>\n<td style=\"background-color: #f033ff;\">CL LD<\/td>\n<td style=\"background-color: #f033ff;\">Bois des Dames<\/td>\n<\/tr>\n<tr>\n<td style=\"background-color: #ff9f33;\">Sam 15\/03<\/td>\n<td style=\"background-color: #ff9f33;\">Entrainement CO + Ecole de CO<\/td>\n<td style=\"background-color: #ff9f33;\"><span style=\"color: #ff0000;\">Clairmarais<\/span><\/td>\n<\/tr>\n<tr>\n<td style=\"background-color: #f033ff;\">Sam 15\/03<\/td>\n<td style=\"background-color: #f033ff;\">National N-O MD<\/td>\n<td style=\"background-color: #f033ff;\">44<\/td>\n<\/tr>\n<tr>\n<td style=\"background-color: #f033ff;\">Dim 16\/03<\/td>\n<td style=\"background-color: #f033ff;\">National N-O LD<\/td>\n<td style=\"background-color: #f033ff;\">44<\/td>\n<\/tr>\n<tr>\n<td style=\"background-color: #ff9f33;\">Sam 22\/03<\/td>\n<td style=\"background-color: #ff9f33;\">Entrainement CO + Ecole de CO<\/td>\n<td style=\"background-color: #ff9f33;\"><span style=\"color: #ff0000;\">Clairmarais<\/span><\/td>\n<\/tr>\n<tr>\n<td style=\"background-color: #ff9f33;\">Sam 29\/03<\/td>\n<td style=\"background-color: #ff9f33;\">Entrainement CO + Ecole de CO<\/td>\n<td style=\"background-color: #ff9f33;\">non, car CLMD<\/td>\n<\/tr>\n<tr>\n<td style=\"background-color: #42ff33;\">Sam 29\/03<\/td>\n<td style=\"background-color: #42ff33;\">CL MD + sprint nuit<\/td>\n<td style=\"background-color: #42ff33;\"><span style=\"color: #ff0000;\">St Amand<\/span><\/td>\n<\/tr>\n<tr>\n<td style=\"background-color: #42ff33;\"><em>Dim 30\/03<\/em><\/td>\n<td style=\"background-color: #42ff33;\">LD<\/td>\n<td style=\"background-color: #42ff33;\"><span style=\"color: #ff0000;\">St Amand<\/span><\/td>\n<\/tr>\n<tr>\n<td style=\"background-color: #ff9f33;\">Sam 05\/04<\/td>\n<td style=\"background-color: #ff9f33;\">Entrainement CO + Ecole de CO<\/td>\n<td style=\"background-color: #ff9f33;\"><span style=\"color: #ff0000;\">Tournehem<\/span><\/td>\n<\/tr>\n<tr>\n<td style=\"background-color: #eb3333;\">Sam 12\/04<\/td>\n<td style=\"background-color: #eb3333;\">Vacances<\/td>\n<td style=\"background-color: #eb3333;\">&#8230;<\/td>\n<\/tr>\n<tr>\n<td style=\"background-color: #eb3333;\">Sam 19\/04<\/td>\n<td style=\"background-color: #eb3333;\">Vacances<\/td>\n<td style=\"background-color: #eb3333;\">&#8230;<\/td>\n<\/tr>\n<tr>\n<td style=\"background-color: #ff9f33;\">Sam 26\/04<\/td>\n<td style=\"background-color: #ff9f33;\">Entrainement CO + Ecole de CO<\/td>\n<td style=\"background-color: #ff9f33;\"><span style=\"color: #ff0000;\">Grande-Synthe<\/span><\/td>\n<\/tr>\n<tr>\n<td style=\"background-color: #ff9f33;\">&#8230;<\/td>\n<td style=\"background-color: #ff9f33;\">&#8230;<\/td>\n<td style=\"background-color: #ff9f33;\">&#8230;<\/td>\n<\/tr>\n<\/tbody>\n<\/table>\n<\/figure>\n<!-- wp:paragraph -->\n<h6>Lexique : MD=Moyenne Distance ; LD=Longue Distance ; CL=Championnat de Ligue ; CF=Championnat de France.<\/h6><!-- \/wp:paragraph -->","protected":false},"excerpt":{"rendered":"<p>Le calendrier de janvier \u00e0 mars 2025 : RAPPEL : Avant toute participation, et si possible 2 jours avant, &gt; pour les licenci\u00e9s, il faut vous inscrire dans la rubrique Les Inscriptions, &gt; pour les autres, envoyez un email \u00e0 &hellip;<\/p>\n<p class=\"read-more\"> <a class=\"more-link\" href=\"https:\/\/caponord-sports-orientation.fr\/index.php\/le-calendrier\/\"> <span class=\"screen-reader-text\">Calendrier 2025 Janvier \u00e0 Mars<\/span> Read More &raquo;<\/a><\/p>\n","protected":false},"author":27,"featured_media":0,"parent":0,"menu_order":0,"comment_status":"closed","ping_status":"closed","template":"","meta":{"_seopress_robots_primary_cat":"","_seopress_titles_title":"","_seopress_titles_desc":"","_seopress_robots_index":"","footnotes":""},"class_list":["post-2414","page","type-page","status-publish","hentry"],"_links":{"self":[{"href":"https:\/\/caponord-sports-orientation.fr\/index.php\/wp-json\/wp\/v2\/pages\/2414","targetHints":{"allow":["GET"]}}],"collection":[{"href":"https:\/\/caponord-sports-orientation.fr\/index.php\/wp-json\/wp\/v2\/pages"}],"about":[{"href":"https:\/\/caponord-sports-orientation.fr\/index.php\/wp-json\/wp\/v2\/types\/page"}],"author":[{"embeddable":true,"href":"https:\/\/caponord-sports-orientation.fr\/index.php\/wp-json\/wp\/v2\/users\/27"}],"replies":[{"embeddable":true,"href":"https:\/\/caponord-sports-orientation.fr\/index.php\/wp-json\/wp\/v2\/comments?post=2414"}],"version-history":[{"count":38,"href":"https:\/\/caponord-sports-orientation.fr\/index.php\/wp-json\/wp\/v2\/pages\/2414\/revisions"}],"predecessor-version":[{"id":3234,"href":"https:\/\/caponord-sports-orientation.fr\/index.php\/wp-json\/wp\/v2\/pages\/2414\/revisions\/3234"}],"wp:attachment":[{"href":"https:\/\/caponord-sports-orientation.fr\/index.php\/wp-json\/wp\/v2\/media?parent=2414"}],"curies":[{"name":"wp","href":"https:\/\/api.w.org\/{rel}","templated":true}]}}