{"id":2420,"date":"2024-12-13T17:35:09","date_gmt":"2024-12-13T16:35:09","guid":{"rendered":"http:\/\/caponord-sports-orientation.fr\/wordpress\/?page_id=2420"},"modified":"2026-04-03T21:41:45","modified_gmt":"2026-04-03T19:41:45","slug":"les-prochains-entrainements-ecole-de-co","status":"publish","type":"page","link":"https:\/\/caponord-sports-orientation.fr\/index.php\/les-prochains-entrainements-ecole-de-co\/","title":{"rendered":"Les prochains entra\u00eenements \u00e9cole de CO"},"content":{"rendered":"<p>Le covoiturage pour nos d\u00e9placements \u00e9tant la r\u00e8gle, on peut aussi l&#8217;appliquer pour les entra\u00eenements&#8230;<br \/><a href=\"https:\/\/www.google.com\/maps\/d\/edit?mid=1sjHLqPUa-l4ni2zd0dWiptGLB5WyxKRs&amp;usp=sharing\" target=\"_blank\" rel=\"noopener\">La carte de localisation des licenci\u00e9s<\/a><\/p>\n<p>\u00a0<\/p>\n<p><b>04\/04\/26 &#8211; Entrainement CO \u00e0 St-Amand, WE en Nord<\/b><\/p>\n<p>Animateur : TAD<\/p>\n\n\n<p><strong>11\/04\/26 &#8211; Entrainement CO<strong> \u00e0 Crochte, \u00e0 cot\u00e9 du coll\u00e8ge<\/strong><\/strong><\/p>\n\n\n\n<p>Animateur : Etienne<\/p>\n\n\n\n<p><a href=\"https:\/\/docs.google.com\/spreadsheets\/d\/1pjmq9FNM2xwwpZba3UwNY55NiEB2z5jQYqbgrfzT-nA\/edit?usp=sharing\" target=\"_blank\" rel=\"noreferrer noopener\">S&#8217;inscrire ici<\/a> (inscription au plus tard le <strong>jeudi 09\/04<\/strong>)<\/p>\n\n\n\n<p><\/p>\n","protected":false},"excerpt":{"rendered":"<p>Le covoiturage pour nos d\u00e9placements \u00e9tant la r\u00e8gle, on peut aussi l&#8217;appliquer pour les entra\u00eenements&#8230;La carte de localisation des licenci\u00e9s \u00a0 04\/04\/26 &#8211; Entrainement CO \u00e0 St-Amand, WE en Nord Animateur : TAD 11\/04\/26 &#8211; Entrainement CO \u00e0 Crochte, \u00e0 &hellip;<\/p>\n<p class=\"read-more\"> <a class=\"more-link\" href=\"https:\/\/caponord-sports-orientation.fr\/index.php\/les-prochains-entrainements-ecole-de-co\/\"> <span class=\"screen-reader-text\">Les prochains entra\u00eenements \u00e9cole de CO<\/span> Read More &raquo;<\/a><\/p>\n","protected":false},"author":27,"featured_media":0,"parent":0,"menu_order":0,"comment_status":"closed","ping_status":"closed","template":"","meta":{"_seopress_robots_primary_cat":"","_seopress_titles_title":"","_seopress_titles_desc":"","_seopress_robots_index":"","footnotes":""},"class_list":["post-2420","page","type-page","status-publish","hentry"],"_links":{"self":[{"href":"https:\/\/caponord-sports-orientation.fr\/index.php\/wp-json\/wp\/v2\/pages\/2420","targetHints":{"allow":["GET"]}}],"collection":[{"href":"https:\/\/caponord-sports-orientation.fr\/index.php\/wp-json\/wp\/v2\/pages"}],"about":[{"href":"https:\/\/caponord-sports-orientation.fr\/index.php\/wp-json\/wp\/v2\/types\/page"}],"author":[{"embeddable":true,"href":"https:\/\/caponord-sports-orientation.fr\/index.php\/wp-json\/wp\/v2\/users\/27"}],"replies":[{"embeddable":true,"href":"https:\/\/caponord-sports-orientation.fr\/index.php\/wp-json\/wp\/v2\/comments?post=2420"}],"version-history":[{"count":136,"href":"https:\/\/caponord-sports-orientation.fr\/index.php\/wp-json\/wp\/v2\/pages\/2420\/revisions"}],"predecessor-version":[{"id":4438,"href":"https:\/\/caponord-sports-orientation.fr\/index.php\/wp-json\/wp\/v2\/pages\/2420\/revisions\/4438"}],"wp:attachment":[{"href":"https:\/\/caponord-sports-orientation.fr\/index.php\/wp-json\/wp\/v2\/media?parent=2420"}],"curies":[{"name":"wp","href":"https:\/\/api.w.org\/{rel}","templated":true}]}}