{"id":2423,"date":"2024-12-13T17:36:04","date_gmt":"2024-12-13T16:36:04","guid":{"rendered":"http:\/\/caponord-sports-orientation.fr\/wordpress\/?page_id=2423"},"modified":"2026-04-10T11:58:57","modified_gmt":"2026-04-10T09:58:57","slug":"les-prochaines-courses","status":"publish","type":"page","link":"https:\/\/caponord-sports-orientation.fr\/index.php\/les-prochaines-courses\/","title":{"rendered":"Les prochaines courses"},"content":{"rendered":"\t\t<div data-elementor-type=\"wp-page\" data-elementor-id=\"2423\" class=\"elementor elementor-2423\">\n\t\t\t\t<div class=\"elementor-element elementor-element-91a8f08 e-flex e-con-boxed wpr-particle-no wpr-jarallax-no wpr-parallax-no wpr-sticky-section-no e-con e-parent\" data-id=\"91a8f08\" data-element_type=\"container\" data-e-type=\"container\">\n\t\t\t\t\t<div class=\"e-con-inner\">\n\t\t\t\t<div class=\"elementor-element elementor-element-c6d7e56 elementor-widget elementor-widget-text-editor\" data-id=\"c6d7e56\" data-element_type=\"widget\" data-e-type=\"widget\" data-widget_type=\"text-editor.default\">\n\t\t\t\t\t\t\t\t\t<p>Retrouvez sur le site <a href=\"https:\/\/www.ffcorientation.fr\/courses\/agenda\/?du=2024-01-01&amp;ligue=508&amp;nat=on&amp;types=cou&amp;types=for\" target=\"_blank\" rel=\"noreferrer noopener\">FFCO<\/a> les courses de la ligue de l\u2019ann\u00e9e 2026. Les courses propos\u00e9es sont accessibles \u00e0 tous, d\u00e9butants \u00e9galement. Il est m\u00eame possible de se faire accompagner, ou plut\u00f4t suivre, notamment sur les courses de nuit.<\/p>\n<p><!-- \/wp:paragraph --><\/p>\n<p><!-- wp:paragraph --><\/p>\n<p>Le covoiturage pour les courses \u00e9tant la r\u00e8gle, il n\u2019y a pas lieu de demander un chauffeur. Mais par contre pour ceux qui ont un v\u00e9hicule il faut bien renseigner le nombre de places disponibles, chauffeur compris si c\u2019est l\u2019un des inscrits.<br \/><a href=\"https:\/\/www.google.com\/maps\/d\/edit?mid=1sjHLqPUa-l4ni2zd0dWiptGLB5WyxKRs&amp;usp=sharing\" target=\"_blank\" rel=\"noopener\">La carte de localisation des licenci\u00e9s<\/a><\/p>\n<p><!-- \/wp:paragraph --><\/p>\n<p><!-- wp:paragraph --><\/p>\n<p>Toute modification de r\u00e9servation d\u2019h\u00e9bergement apr\u00e8s une date limite doit \u00eatre signal\u00e9e.<\/p>\n<p><!-- \/wp:paragraph --><\/p>\n<p><!-- wp:paragraph --><\/p>\n<p><!-- \/wp:paragraph --><\/p>\t\t\t\t\t\t\t\t<\/div>\n\t\t\t\t\t<\/div>\n\t\t\t\t<\/div>\n\t\t<div class=\"elementor-element elementor-element-408ecf8 e-flex e-con-boxed wpr-particle-no wpr-jarallax-no wpr-parallax-no wpr-sticky-section-no e-con e-parent\" data-id=\"408ecf8\" data-element_type=\"container\" data-e-type=\"container\">\n\t\t\t\t\t<div class=\"e-con-inner\">\n\t\t\t\t<div class=\"elementor-element elementor-element-ca29f03 elementor-widget elementor-widget-text-editor\" data-id=\"ca29f03\" data-element_type=\"widget\" data-e-type=\"widget\" data-widget_type=\"text-editor.default\">\n\t\t\t\t\t\t\t\t\t<p><span style=\"color: #ff0000;\"><strong>Voici le <span style=\"text-decoration: underline; color: #0000ff;\"><a style=\"color: #0000ff; text-decoration: underline;\" href=\"https:\/\/docs.google.com\/spreadsheets\/d\/1IRbgbhiy-JQx0ujSIA5a-sidpg5B7lKs4T2ktQUAVd8\/edit?pli=1&amp;gid=1839102631#gid=1839102631\" target=\"_blank\" rel=\"noopener\">tableau d&#8217;inscription<\/a><\/span> des prochaines courses!<\/strong><\/span><\/p>\t\t\t\t\t\t\t\t<\/div>\n\t\t\t\t\t<\/div>\n\t\t\t\t<\/div>\n\t\t<div class=\"elementor-element elementor-element-017cfab e-flex e-con-boxed wpr-particle-no wpr-jarallax-no wpr-parallax-no wpr-sticky-section-no e-con e-parent\" data-id=\"017cfab\" data-element_type=\"container\" data-e-type=\"container\">\n\t\t\t\t\t<div class=\"e-con-inner\">\n\t\t\t\t<div class=\"elementor-element elementor-element-41b250d elementor-widget elementor-widget-text-editor\" data-id=\"41b250d\" data-element_type=\"widget\" data-e-type=\"widget\" data-widget_type=\"text-editor.default\">\n\t\t\t\t\t\t\t\t\t<p><span style=\"color: #008000;\"><strong>13 juin: Course 30 ans VALMO <\/strong>&#8211; <a href=\"https:\/\/docs.google.com\/spreadsheets\/d\/1IRbgbhiy-JQx0ujSIA5a-sidpg5B7lKs4T2ktQUAVd8\/edit?pli=1&amp;gid=835339482#gid=835339482\" target=\"_blank\" rel=\"noopener\">S&#8217;inscrire ici<\/a><\/span><\/p>\t\t\t\t\t\t\t\t<\/div>\n\t\t\t\t\t<\/div>\n\t\t\t\t<\/div>\n\t\t<div class=\"elementor-element elementor-element-9cd8f3d e-flex e-con-boxed wpr-particle-no wpr-jarallax-no wpr-parallax-no wpr-sticky-section-no e-con e-parent\" data-id=\"9cd8f3d\" data-element_type=\"container\" data-e-type=\"container\">\n\t\t\t\t\t<div class=\"e-con-inner\">\n\t\t\t\t<div class=\"elementor-element elementor-element-ec06535 elementor-widget elementor-widget-text-editor\" data-id=\"ec06535\" data-element_type=\"widget\" data-e-type=\"widget\" data-widget_type=\"text-editor.default\">\n\t\t\t\t\t\t\t\t\t<p><span style=\"color: #008000;\"><strong>12 septembre: Sprint Villeneuve d&#8217;Ascq &#8211;\u00a0<\/strong><\/span><a href=\"https:\/\/docs.google.com\/spreadsheets\/d\/1IRbgbhiy-JQx0ujSIA5a-sidpg5B7lKs4T2ktQUAVd8\/edit?pli=1&amp;gid=1541203904#gid=1541203904\" target=\"_blank\" rel=\"noopener\">S&#8217;inscrire ici<\/a>\u00a0<\/p>\t\t\t\t\t\t\t\t<\/div>\n\t\t\t\t\t<\/div>\n\t\t\t\t<\/div>\n\t\t<div class=\"elementor-element elementor-element-64f5060 e-flex e-con-boxed wpr-particle-no wpr-jarallax-no wpr-parallax-no wpr-sticky-section-no e-con e-parent\" data-id=\"64f5060\" data-element_type=\"container\" data-e-type=\"container\">\n\t\t\t\t\t<div class=\"e-con-inner\">\n\t\t\t\t<div class=\"elementor-element elementor-element-fa35e9b elementor-widget elementor-widget-text-editor\" data-id=\"fa35e9b\" data-element_type=\"widget\" data-e-type=\"widget\" data-widget_type=\"text-editor.default\">\n\t\t\t\t\t\t\t\t\t<p><span style=\"color: #008000;\"><strong>13 septembre: Malo-les-Bains <\/strong>&#8211; <a href=\"https:\/\/docs.google.com\/spreadsheets\/d\/1IRbgbhiy-JQx0ujSIA5a-sidpg5B7lKs4T2ktQUAVd8\/edit?pli=1&amp;gid=274474587#gid=274474587\" target=\"_blank\" rel=\"noopener\">S&#8217;i<\/a><a href=\"https:\/\/docs.google.com\/spreadsheets\/d\/1IRbgbhiy-JQx0ujSIA5a-sidpg5B7lKs4T2ktQUAVd8\/edit?pli=1&amp;gid=1541203904#gid=1541203904\" target=\"_blank\" rel=\"noopener\">nscrire ici, <\/a><\/span><span style=\"color: #ff6600;\">\u00e9galement en tant que b\u00e9n\u00e9voles<\/span><\/p>\n<p>2 courses organis\u00e9es par CapOnord:<\/p>\n<ul>\n<li>Championnat de Ligue de Sprint\u00a0<\/li>\n<li>Course au score<\/li>\n<\/ul>\t\t\t\t\t\t\t\t<\/div>\n\t\t\t\t\t<\/div>\n\t\t\t\t<\/div>\n\t\t<div class=\"elementor-element elementor-element-84b2bf0 e-flex e-con-boxed wpr-particle-no wpr-jarallax-no wpr-parallax-no wpr-sticky-section-no e-con e-parent\" data-id=\"84b2bf0\" data-element_type=\"container\" data-e-type=\"container\">\n\t\t\t\t\t<div class=\"e-con-inner\">\n\t\t\t\t<div class=\"elementor-element elementor-element-0147a0f elementor-widget elementor-widget-text-editor\" data-id=\"0147a0f\" data-element_type=\"widget\" data-e-type=\"widget\" data-widget_type=\"text-editor.default\">\n\t\t\t\t\t\t\t\t\t<p><span style=\"color: #008000;\"><strong>27 septembre: MD Bois des Dames &#8211;\u00a0<\/strong><\/span><a href=\"https:\/\/docs.google.com\/spreadsheets\/d\/1IRbgbhiy-JQx0ujSIA5a-sidpg5B7lKs4T2ktQUAVd8\/edit?pli=1&amp;gid=2023282424#gid=2023282424\" target=\"_blank\" rel=\"noopener\">S&#8217;inscrire ici<\/a>\u00a0<\/p>\t\t\t\t\t\t\t\t<\/div>\n\t\t\t\t\t<\/div>\n\t\t\t\t<\/div>\n\t\t<div class=\"elementor-element elementor-element-3ffd365 e-flex e-con-boxed wpr-particle-no wpr-jarallax-no wpr-parallax-no wpr-sticky-section-no e-con e-parent\" data-id=\"3ffd365\" data-element_type=\"container\" data-e-type=\"container\">\n\t\t\t\t\t<div class=\"e-con-inner\">\n\t\t\t\t<div class=\"elementor-element elementor-element-de3000d elementor-widget elementor-widget-text-editor\" data-id=\"de3000d\" data-element_type=\"widget\" data-e-type=\"widget\" data-widget_type=\"text-editor.default\">\n\t\t\t\t\t\t\t\t\t<p><span style=\"color: #008000;\"><strong>4 octobre: Course Jeunes du TAD &#8211;\u00a0<\/strong><\/span><a href=\"https:\/\/docs.google.com\/spreadsheets\/d\/1IRbgbhiy-JQx0ujSIA5a-sidpg5B7lKs4T2ktQUAVd8\/edit?pli=1&amp;gid=1218948375#gid=1218948375\" target=\"_blank\" rel=\"noopener\">S&#8217;inscrire ici<\/a>\u00a0<\/p>\t\t\t\t\t\t\t\t<\/div>\n\t\t\t\t\t<\/div>\n\t\t\t\t<\/div>\n\t\t<div class=\"elementor-element elementor-element-8c3d357 e-flex e-con-boxed wpr-particle-no wpr-jarallax-no wpr-parallax-no wpr-sticky-section-no e-con e-parent\" data-id=\"8c3d357\" data-element_type=\"container\" data-e-type=\"container\">\n\t\t\t\t\t<div class=\"e-con-inner\">\n\t\t\t\t<div class=\"elementor-element elementor-element-1a20370 elementor-widget elementor-widget-text-editor\" data-id=\"1a20370\" data-element_type=\"widget\" data-e-type=\"widget\" data-widget_type=\"text-editor.default\">\n\t\t\t\t\t\t\t\t\t<p><span style=\"color: #008000;\"><strong>14 novembre: Guise<\/strong> &#8211; <a href=\"https:\/\/docs.google.com\/spreadsheets\/d\/1IRbgbhiy-JQx0ujSIA5a-sidpg5B7lKs4T2ktQUAVd8\/edit?pli=1&amp;gid=1161562150#gid=1161562150\" target=\"_blank\" rel=\"noopener\">S&#8217;inscrire ici<\/a><\/span><\/p>\n<p>2 CO urbaines<\/p>\t\t\t\t\t\t\t\t<\/div>\n\t\t\t\t\t<\/div>\n\t\t\t\t<\/div>\n\t\t<div class=\"elementor-element elementor-element-fc72c13 e-flex e-con-boxed wpr-particle-no wpr-jarallax-no wpr-parallax-no wpr-sticky-section-no e-con e-parent\" data-id=\"fc72c13\" data-element_type=\"container\" data-e-type=\"container\">\n\t\t\t\t\t<div class=\"e-con-inner\">\n\t\t\t\t<div class=\"elementor-element elementor-element-6cb9075 elementor-widget elementor-widget-text-editor\" data-id=\"6cb9075\" data-element_type=\"widget\" data-e-type=\"widget\" data-widget_type=\"text-editor.default\">\n\t\t\t\t\t\t\t\t\t<p><span style=\"color: #008000;\"><strong>21 &#8211; 22 novembre: O&#8217;Picardie<\/strong> &#8211; <a href=\"https:\/\/docs.google.com\/spreadsheets\/d\/1IRbgbhiy-JQx0ujSIA5a-sidpg5B7lKs4T2ktQUAVd8\/edit?pli=1&amp;gid=1637048494#gid=1637048494\" target=\"_blank\" rel=\"noopener\">S&#8217;inscrire ici<\/a><\/span><\/p>\n<p>samedi: MD et sprint nocturne<\/p>\n<p>dimanche: LD<\/p>\t\t\t\t\t\t\t\t<\/div>\n\t\t\t\t\t<\/div>\n\t\t\t\t<\/div>\n\t\t<div class=\"elementor-element elementor-element-b167c02 e-flex e-con-boxed wpr-particle-no wpr-jarallax-no wpr-parallax-no wpr-sticky-section-no e-con e-parent\" data-id=\"b167c02\" data-element_type=\"container\" data-e-type=\"container\">\n\t\t\t\t\t<div class=\"e-con-inner\">\n\t\t\t\t<div class=\"elementor-element elementor-element-9610aa6 elementor-widget elementor-widget-text-editor\" data-id=\"9610aa6\" data-element_type=\"widget\" data-e-type=\"widget\" data-widget_type=\"text-editor.default\">\n\t\t\t\t\t\t\t\t\t<p><span style=\"color: #008000;\"><strong>5 d\u00e9cembre: MD Ecault &#8211;<\/strong><\/span><a href=\"https:\/\/docs.google.com\/spreadsheets\/d\/1IRbgbhiy-JQx0ujSIA5a-sidpg5B7lKs4T2ktQUAVd8\/edit?pli=1&amp;gid=1661353810#gid=1661353810\" target=\"_blank\" rel=\"noopener\">S&#8217;inscrire ici<\/a>\u00a0<\/p>\t\t\t\t\t\t\t\t<\/div>\n\t\t\t\t\t<\/div>\n\t\t\t\t<\/div>\n\t\t<div class=\"elementor-element elementor-element-22adda1 e-flex e-con-boxed wpr-particle-no wpr-jarallax-no wpr-parallax-no wpr-sticky-section-no e-con e-parent\" data-id=\"22adda1\" data-element_type=\"container\" data-e-type=\"container\">\n\t\t\t\t\t<div class=\"e-con-inner\">\n\t\t\t\t<div class=\"elementor-element elementor-element-d9356cd elementor-widget elementor-widget-text-editor\" data-id=\"d9356cd\" data-element_type=\"widget\" data-e-type=\"widget\" data-widget_type=\"text-editor.default\">\n\t\t\t\t\t\t\t\t\t<p><span style=\"color: #008000;\"><strong>13 d\u00e9cembre: Les boules pour le sapin <\/strong>&#8211; <a href=\"https:\/\/docs.google.com\/spreadsheets\/d\/1IRbgbhiy-JQx0ujSIA5a-sidpg5B7lKs4T2ktQUAVd8\/edit?pli=1&amp;gid=1448097898#gid=1448097898\" target=\"_blank\" rel=\"noopener\">S&#8217;inscrire ici<\/a> <span style=\"color: #ff6600;\">en tant que b\u00e9n\u00e9vole<\/span><\/span><\/p>\n<p>animation \u00e0 Dunkerque organis\u00e9e par CapOnord<\/p>\t\t\t\t\t\t\t\t<\/div>\n\t\t\t\t\t<\/div>\n\t\t\t\t<\/div>\n\t\t\t\t<\/div>\n\t\t","protected":false},"excerpt":{"rendered":"<p>Retrouvez sur le site FFCO les courses de la ligue de l\u2019ann\u00e9e 2026. Les courses propos\u00e9es sont accessibles \u00e0 tous, d\u00e9butants \u00e9galement. Il est m\u00eame possible de se faire accompagner, ou plut\u00f4t suivre, notamment sur les courses de nuit. Le &hellip;<\/p>\n<p class=\"read-more\"> <a class=\"more-link\" href=\"https:\/\/caponord-sports-orientation.fr\/index.php\/les-prochaines-courses\/\"> <span class=\"screen-reader-text\">Les prochaines courses<\/span> Read More &raquo;<\/a><\/p>\n","protected":false},"author":27,"featured_media":0,"parent":0,"menu_order":0,"comment_status":"closed","ping_status":"closed","template":"","meta":{"_seopress_robots_primary_cat":"","_seopress_titles_title":"","_seopress_titles_desc":"","_seopress_robots_index":"","footnotes":""},"class_list":["post-2423","page","type-page","status-publish","hentry"],"_links":{"self":[{"href":"https:\/\/caponord-sports-orientation.fr\/index.php\/wp-json\/wp\/v2\/pages\/2423","targetHints":{"allow":["GET"]}}],"collection":[{"href":"https:\/\/caponord-sports-orientation.fr\/index.php\/wp-json\/wp\/v2\/pages"}],"about":[{"href":"https:\/\/caponord-sports-orientation.fr\/index.php\/wp-json\/wp\/v2\/types\/page"}],"author":[{"embeddable":true,"href":"https:\/\/caponord-sports-orientation.fr\/index.php\/wp-json\/wp\/v2\/users\/27"}],"replies":[{"embeddable":true,"href":"https:\/\/caponord-sports-orientation.fr\/index.php\/wp-json\/wp\/v2\/comments?post=2423"}],"version-history":[{"count":138,"href":"https:\/\/caponord-sports-orientation.fr\/index.php\/wp-json\/wp\/v2\/pages\/2423\/revisions"}],"predecessor-version":[{"id":4486,"href":"https:\/\/caponord-sports-orientation.fr\/index.php\/wp-json\/wp\/v2\/pages\/2423\/revisions\/4486"}],"wp:attachment":[{"href":"https:\/\/caponord-sports-orientation.fr\/index.php\/wp-json\/wp\/v2\/media?parent=2423"}],"curies":[{"name":"wp","href":"https:\/\/api.w.org\/{rel}","templated":true}]}}