{"id":2971,"date":"2025-02-26T21:44:16","date_gmt":"2025-02-26T20:44:16","guid":{"rendered":"https:\/\/caponord-sports-orientation.fr\/?page_id=2971"},"modified":"2025-03-24T07:52:01","modified_gmt":"2025-03-24T06:52:01","slug":"composition-du-comite-dirigeant","status":"publish","type":"page","link":"https:\/\/caponord-sports-orientation.fr\/index.php\/composition-du-comite-dirigeant\/","title":{"rendered":"Composition du comit\u00e9 dirigeant"},"content":{"rendered":"\t\t<div data-elementor-type=\"wp-page\" data-elementor-id=\"2971\" class=\"elementor elementor-2971\">\n\t\t\t\t<div class=\"elementor-element elementor-element-3be19c68 e-flex e-con-boxed wpr-particle-no wpr-jarallax-no wpr-parallax-no wpr-sticky-section-no e-con e-parent\" data-id=\"3be19c68\" data-element_type=\"container\" data-e-type=\"container\">\n\t\t\t\t\t<div class=\"e-con-inner\">\n\t\t\t\t<div class=\"elementor-element elementor-element-1a7871d5 elementor-widget elementor-widget-text-editor\" data-id=\"1a7871d5\" data-element_type=\"widget\" data-e-type=\"widget\" data-widget_type=\"text-editor.default\">\n\t\t\t\t\t\t\t\t\t<h1><strong>Bureau:<\/strong><\/h1>\n<p><!-- \/wp:paragraph --><!-- wp:paragraph --><\/p>\n<p>Pr\u00e9sidente : Babeth LEFEBVRE<\/p>\n<p><!-- \/wp:paragraph --><!-- wp:paragraph --><\/p>\n<p>Pr\u00e9sident adjoint : Philippe ARROQUI<\/p>\n<p><!-- \/wp:paragraph --><!-- wp:paragraph --><\/p>\n<p>Tr\u00e9sori\u00e8re : Anne-Sophie ARROQUI<\/p>\n<p><!-- \/wp:paragraph --><!-- wp:paragraph --><\/p>\n<p>Secr\u00e9taire : Luc VANCAUWENBERGH<\/p>\n<p>Secr\u00e9taire adjoint : Etienne BAERT<\/p>\n<p><!-- \/wp:paragraph --><!-- wp:paragraph --><\/p>\n<p><!-- \/wp:paragraph --><!-- wp:paragraph --><\/p>\n<h1><strong>Comit\u00e9 directeur:<\/strong><\/h1>\n<p><!-- \/wp:paragraph --><!-- wp:paragraph --><\/p>\n<p>Yannick BECUWE<\/p>\n<p><!-- \/wp:paragraph --><!-- wp:paragraph --><\/p>\n<p>Denis BEYSSEN<\/p>\n<p><!-- \/wp:paragraph --><!-- wp:paragraph --><\/p>\n<p>Yoann BRUNOT<\/p>\n<p><!-- \/wp:paragraph --><!-- wp:paragraph --><\/p>\n<p>Franck HINDLE<\/p>\n<p><!-- \/wp:paragraph --><!-- wp:paragraph --><\/p>\n<p>Marie GEERAERT<\/p>\n<p><!-- \/wp:paragraph --><!-- wp:paragraph --><\/p>\n<p>Fran\u00e7ois LEFEBVRE<\/p>\n<p><!-- \/wp:paragraph --><!-- wp:paragraph --><\/p>\n<p>Christelle WOJTKOWIAK<\/p>\n<p><!-- \/wp:paragraph --><!-- wp:paragraph --><\/p>\n<p>\u00a0<\/p>\n<p><!-- \/wp:paragraph --><!-- wp:paragraph --><\/p>\n<p><!-- \/wp:paragraph --><\/p>\t\t\t\t\t\t\t\t<\/div>\n\t\t\t\t\t<\/div>\n\t\t\t\t<\/div>\n\t\t\t\t<\/div>\n\t\t","protected":false},"excerpt":{"rendered":"<p>Bureau: Pr\u00e9sidente : Babeth LEFEBVRE Pr\u00e9sident adjoint : Philippe ARROQUI Tr\u00e9sori\u00e8re : Anne-Sophie ARROQUI Secr\u00e9taire : Luc VANCAUWENBERGH Secr\u00e9taire adjoint : Etienne BAERT Comit\u00e9 directeur: Yannick BECUWE Denis BEYSSEN Yoann BRUNOT Franck HINDLE Marie GEERAERT Fran\u00e7ois LEFEBVRE Christelle WOJTKOWIAK \u00a0<\/p>\n","protected":false},"author":27,"featured_media":0,"parent":0,"menu_order":0,"comment_status":"closed","ping_status":"closed","template":"","meta":{"_seopress_robots_primary_cat":"","_seopress_titles_title":"","_seopress_titles_desc":"","_seopress_robots_index":"","footnotes":""},"class_list":["post-2971","page","type-page","status-publish","hentry"],"_links":{"self":[{"href":"https:\/\/caponord-sports-orientation.fr\/index.php\/wp-json\/wp\/v2\/pages\/2971","targetHints":{"allow":["GET"]}}],"collection":[{"href":"https:\/\/caponord-sports-orientation.fr\/index.php\/wp-json\/wp\/v2\/pages"}],"about":[{"href":"https:\/\/caponord-sports-orientation.fr\/index.php\/wp-json\/wp\/v2\/types\/page"}],"author":[{"embeddable":true,"href":"https:\/\/caponord-sports-orientation.fr\/index.php\/wp-json\/wp\/v2\/users\/27"}],"replies":[{"embeddable":true,"href":"https:\/\/caponord-sports-orientation.fr\/index.php\/wp-json\/wp\/v2\/comments?post=2971"}],"version-history":[{"count":14,"href":"https:\/\/caponord-sports-orientation.fr\/index.php\/wp-json\/wp\/v2\/pages\/2971\/revisions"}],"predecessor-version":[{"id":3129,"href":"https:\/\/caponord-sports-orientation.fr\/index.php\/wp-json\/wp\/v2\/pages\/2971\/revisions\/3129"}],"wp:attachment":[{"href":"https:\/\/caponord-sports-orientation.fr\/index.php\/wp-json\/wp\/v2\/media?parent=2971"}],"curies":[{"name":"wp","href":"https:\/\/api.w.org\/{rel}","templated":true}]}}