{"id":3662,"date":"2025-08-29T20:45:14","date_gmt":"2025-08-29T18:45:14","guid":{"rendered":"https:\/\/caponord-sports-orientation.fr\/?page_id=3662"},"modified":"2025-11-24T11:14:57","modified_gmt":"2025-11-24T10:14:57","slug":"calendrier-septembre-a-decembre-2025","status":"publish","type":"page","link":"https:\/\/caponord-sports-orientation.fr\/index.php\/calendrier-septembre-a-decembre-2025\/","title":{"rendered":"Calendrier Septembre \u00e0 D\u00e9cembre 2025"},"content":{"rendered":"Le calendrier de septembre \u00e0 d\u00e9cembre 2025 :\n\n<!-- \/wp:post-content -->\n\n<!-- wp:heading {\"level\":6} -->\n<h6>RAPPEL : Avant toute participation, et si possible 2 jours avant,\n&gt; pour les licenci\u00e9s, il faut vous inscrire dans la rubrique Les Inscriptions,\n&gt; pour les autres, envoyez un email \u00e0 l&#8217;adresse de contact. Nous vous enverrons le lieu de rendez-vous.<\/h6>\n<!-- \/wp:heading -->\n\n<!-- wp:paragraph -->\n\nModifications en rouge le : <span style=\"color: #ff0000;\">24\/11\/25<\/span>\n\n<!-- \/wp:paragraph -->\n\n<!-- wp:table {\"fontSize\":\"small\"} -->\n<figure>\n<table>\n<tbody>\n<tr>\n<td style=\"background-color: #ffffff;\">L\u00e9gende :<\/td>\n<td style=\"background-color: #ff9f33; text-align: center;\">Ecole de CO<\/td>\n<td style=\"background-color: #ff6600; text-align: center;\">Nos manifestations<\/td>\n<td style=\"background-color: #f033ff; text-align: center;\">Courses &#8211; Comp\u00e9titions<\/td>\n<td style=\"background-color: #42ff33; text-align: center;\">Challenge O&#8217;Weekend<\/td>\n<td style=\"background-color: #eb3333; text-align: center;\">Vacances<\/td>\n<\/tr>\n<\/tbody>\n<\/table>\n<\/figure>\n<!-- \/wp:table -->\n\n<!-- wp:table {\"hasFixedLayout\":false,\"className\":\"is-style-stripes\",\"fontSize\":\"small\"} -->\n<figure>\n<table style=\"height: 852px;\" width=\"415\">\n<tbody>\n<tr>\n<td style=\"background-color: #eb3333;\">Sam 25\/10<\/td>\n<td style=\"background-color: #eb3333;\">Vacances<\/td>\n<td style=\"background-color: #eb3333;\">&#8230;<\/td>\n<\/tr>\n<tr>\n<td style=\"background-color: #f033ff;\">Jeu 30\/10<\/td>\n<td style=\"background-color: #f033ff;\">CF Nuit<\/td>\n<td style=\"background-color: #f033ff;\">77<\/td>\n<\/tr>\n<tr>\n<td style=\"background-color: #f033ff;\">Sam 01\/11<\/td>\n<td style=\"background-color: #f033ff;\">CF Sprint<\/td>\n<td style=\"background-color: #f033ff;\">77<\/td>\n<\/tr>\n<tr>\n<td style=\"background-color: #f033ff;\">Dim 02\/11<\/td>\n<td style=\"background-color: #f033ff;\">CNE<\/td>\n<td style=\"background-color: #f033ff;\">77<\/td>\n<\/tr>\n<tr>\n<td style=\"background-color: #ff9f33;\">Sam 08\/11<\/td>\n<td style=\"background-color: #ff9f33;\">Ecole de CO<\/td>\n<td style=\"background-color: #ff9f33;\">Clairmarais<\/td>\n<td style=\"background-color: #ff9f33;\">YB<\/td>\n<\/tr>\n<tr>\n<td style=\"background-color: #ff9f33;\">Sam 15\/11<\/td>\n<td style=\"background-color: #ff9f33;\">Ecole de CO<\/td>\n<td style=\"background-color: #ff9f33;\">Zuydcoote<\/td>\n<td style=\"background-color: #ff9f33;\">JP<\/td>\n<\/tr>\n<tr>\n<td style=\"background-color: #ff9f33;\">Sam 22\/11<\/td>\n<td style=\"background-color: #ff9f33;\">Ecole de CO<\/td>\n<td style=\"background-color: #ff9f33;\">en Picardie !<\/td>\n<\/tr>\n<tr>\n<td style=\"background-color: #42ff33;\">Sam 22\/11<\/td>\n<td style=\"background-color: #42ff33;\">O&#8217;Picardie<\/td>\n<td style=\"background-color: #42ff33;\">Choisy au bac<\/td>\n<\/tr>\n<tr>\n<td style=\"background-color: #42ff33;\">Dim 23\/11<\/td>\n<td style=\"background-color: #42ff33;\">O&#8217;Picardie<\/td>\n<td style=\"background-color: #42ff33;\">Choisy au bac<\/td>\n<\/tr>\n<tr>\n<td style=\"background-color: #ff9f33;\">Sam 29\/11<\/td>\n<td style=\"background-color: #ff9f33;\">Ecole de CO<\/td>\n<td style=\"background-color: #ff9f33;\">\u00a0<del>Bergues<\/del> ou <span style=\"color: #ff0000;\">Hoymille<\/span><\/td>\n<td style=\"background-color: #ff9f33;\">EB<\/td>\n<\/tr>\n<tr>\n<td style=\"background-color: #ff9f33;\">Sam 06\/12<\/td>\n<td style=\"background-color: #ff9f33;\">Ecole de CO<\/td>\n<td style=\"background-color: #ff9f33;\">\u00a0Grande-Synthe<\/td>\n<td style=\"background-color: #ff9f33;\">YB<\/td>\n<\/tr>\n<tr>\n<td style=\"background-color: #f033ff;\"><span style=\"color: #ff0000;\"><del>Sam 06\/12<\/del><\/span><\/td>\n<td style=\"background-color: #f033ff;\"><span style=\"color: #ff0000;\"><del>MD<\/del><\/span><\/td>\n<td style=\"background-color: #f033ff;\"><span style=\"color: #ff0000;\"><del>Ecault<\/del><\/span><\/td>\n<\/tr>\n<tr>\n<td style=\"background-color: #f033ff;\"><span style=\"color: #ff0000;\"><del>Dim 07\/12<\/del><\/span><\/td>\n<td style=\"background-color: #f033ff;\"><span style=\"color: #ff0000;\"><del>LD<\/del><\/span><\/td>\n<td style=\"background-color: #f033ff;\"><span style=\"color: #ff0000;\"><del>Ecault<\/del><\/span><\/td>\n<\/tr>\n<tr>\n<td style=\"background-color: #ff9f33;\">Sam 13\/12<\/td>\n<td style=\"background-color: #ff9f33;\">Ecole de CO<\/td>\n<td style=\"background-color: #ff9f33;\">Puythouck<\/td>\n<td style=\"background-color: #ff9f33;\">JP<\/td>\n<\/tr>\n<tr>\n<td style=\"background-color: #ff9f33;\">Sam 20\/12<\/td>\n<td style=\"background-color: #ff9f33;\">Ecole de CO<\/td>\n<td style=\"background-color: #ff9f33;\">Malo<\/td>\n<td style=\"background-color: #ff9f33;\">DB<\/td>\n<\/tr>\n<tr>\n<td style=\"background-color: #eb3333;\">Sam 27\/12<\/td>\n<td style=\"background-color: #eb3333;\">Vacances<\/td>\n<td style=\"background-color: #eb3333;\">&#8230;<\/td>\n<\/tr>\n<tr>\n<td style=\"background-color: #ff9f33;\">&#8230;<\/td>\n<td style=\"background-color: #ff9f33;\">&#8230;<\/td>\n<td style=\"background-color: #ff9f33;\">&#8230;<\/td>\n<\/tr>\n<\/tbody>\n<\/table>\n<\/figure>\n<!-- \/wp:table -->\n\n<!-- wp:heading {\"level\":6} -->\n<h6>Lexique : MD=Moyenne Distance ; LD=Longue Distance ; CL=Championnat de Ligue ; CF=Championnat de France.<\/h6>\n<!-- \/wp:heading -->","protected":false},"excerpt":{"rendered":"<p>Le calendrier de septembre \u00e0 d\u00e9cembre 2025 : RAPPEL : Avant toute participation, et si possible 2 jours avant, &gt; pour les licenci\u00e9s, il faut vous inscrire dans la rubrique Les Inscriptions, &gt; pour les autres, envoyez un email \u00e0 &hellip;<\/p>\n<p class=\"read-more\"> <a class=\"more-link\" href=\"https:\/\/caponord-sports-orientation.fr\/index.php\/calendrier-septembre-a-decembre-2025\/\"> <span class=\"screen-reader-text\">Calendrier Septembre \u00e0 D\u00e9cembre 2025<\/span> Read More &raquo;<\/a><\/p>\n","protected":false},"author":5,"featured_media":0,"parent":0,"menu_order":0,"comment_status":"closed","ping_status":"closed","template":"","meta":{"_seopress_robots_primary_cat":"","_seopress_titles_title":"","_seopress_titles_desc":"","_seopress_robots_index":"","footnotes":""},"class_list":["post-3662","page","type-page","status-publish","hentry"],"_links":{"self":[{"href":"https:\/\/caponord-sports-orientation.fr\/index.php\/wp-json\/wp\/v2\/pages\/3662","targetHints":{"allow":["GET"]}}],"collection":[{"href":"https:\/\/caponord-sports-orientation.fr\/index.php\/wp-json\/wp\/v2\/pages"}],"about":[{"href":"https:\/\/caponord-sports-orientation.fr\/index.php\/wp-json\/wp\/v2\/types\/page"}],"author":[{"embeddable":true,"href":"https:\/\/caponord-sports-orientation.fr\/index.php\/wp-json\/wp\/v2\/users\/5"}],"replies":[{"embeddable":true,"href":"https:\/\/caponord-sports-orientation.fr\/index.php\/wp-json\/wp\/v2\/comments?post=3662"}],"version-history":[{"count":30,"href":"https:\/\/caponord-sports-orientation.fr\/index.php\/wp-json\/wp\/v2\/pages\/3662\/revisions"}],"predecessor-version":[{"id":3985,"href":"https:\/\/caponord-sports-orientation.fr\/index.php\/wp-json\/wp\/v2\/pages\/3662\/revisions\/3985"}],"wp:attachment":[{"href":"https:\/\/caponord-sports-orientation.fr\/index.php\/wp-json\/wp\/v2\/media?parent=3662"}],"curies":[{"name":"wp","href":"https:\/\/api.w.org\/{rel}","templated":true}]}}