{"id":4081,"date":"2025-12-24T17:45:24","date_gmt":"2025-12-24T16:45:24","guid":{"rendered":"https:\/\/caponord-sports-orientation.fr\/?page_id=4081"},"modified":"2025-12-24T17:49:33","modified_gmt":"2025-12-24T16:49:33","slug":"bonnes-fetes-a-tous","status":"publish","type":"page","link":"https:\/\/caponord-sports-orientation.fr\/index.php\/bonnes-fetes-a-tous\/","title":{"rendered":"Bonnes f\u00eates \u00e0 tous!"},"content":{"rendered":"\t\t<div data-elementor-type=\"wp-page\" data-elementor-id=\"4081\" class=\"elementor elementor-4081\">\n\t\t\t\t<div class=\"elementor-element elementor-element-1c1a7d5 e-flex e-con-boxed wpr-particle-no wpr-jarallax-no wpr-parallax-no wpr-sticky-section-no e-con e-parent\" data-id=\"1c1a7d5\" data-element_type=\"container\" data-e-type=\"container\">\n\t\t\t\t\t<div class=\"e-con-inner\">\n\t\t\t\t<div class=\"elementor-element elementor-element-0e2879b elementor-widget elementor-widget-image\" data-id=\"0e2879b\" data-element_type=\"widget\" data-e-type=\"widget\" data-widget_type=\"image.default\">\n\t\t\t\t\t\t\t\t\t\t\t\t\t\t\t<img alt=\"\" fetchpriority=\"high\" decoding=\"async\" width=\"855\" height=\"641\" src=\"https:\/\/caponord-sports-orientation.fr\/wp-content\/uploads\/2025\/12\/voeux.jpg\" class=\"attachment-large size-large wp-image-4078\" alt=\"\" srcset=\"https:\/\/caponord-sports-orientation.fr\/wp-content\/uploads\/2025\/12\/voeux.jpg 855w, https:\/\/caponord-sports-orientation.fr\/wp-content\/uploads\/2025\/12\/voeux-300x225.jpg 300w, https:\/\/caponord-sports-orientation.fr\/wp-content\/uploads\/2025\/12\/voeux-768x576.jpg 768w, https:\/\/caponord-sports-orientation.fr\/wp-content\/uploads\/2025\/12\/voeux-100x75.jpg 100w, https:\/\/caponord-sports-orientation.fr\/wp-content\/uploads\/2025\/12\/voeux-150x112.jpg 150w, https:\/\/caponord-sports-orientation.fr\/wp-content\/uploads\/2025\/12\/voeux-200x150.jpg 200w, https:\/\/caponord-sports-orientation.fr\/wp-content\/uploads\/2025\/12\/voeux-450x337.jpg 450w, https:\/\/caponord-sports-orientation.fr\/wp-content\/uploads\/2025\/12\/voeux-600x450.jpg 600w\" sizes=\"(max-width: 855px) 100vw, 855px\" \/>\t\t\t\t\t\t\t\t\t\t\t\t\t\t\t<\/div>\n\t\t\t\t\t<\/div>\n\t\t\t\t<\/div>\n\t\t<div class=\"elementor-element elementor-element-80df3e1 e-flex e-con-boxed wpr-particle-no wpr-jarallax-no wpr-parallax-no wpr-sticky-section-no e-con e-parent\" data-id=\"80df3e1\" data-element_type=\"container\" data-e-type=\"container\">\n\t\t\t\t\t<div class=\"e-con-inner\">\n\t\t\t\t<div class=\"elementor-element elementor-element-c5e9df9 elementor-widget elementor-widget-text-editor\" data-id=\"c5e9df9\" data-element_type=\"widget\" data-e-type=\"widget\" data-widget_type=\"text-editor.default\">\n\t\t\t\t\t\t\t\t\t<p>Le Comit\u00e9 Directeur se joint \u00e0 moi pour vous souhaiter de bonnes f\u00eates de fin d&#8217;ann\u00e9e! Joyeux no\u00ebl \u00e0 tous.&nbsp;<\/p>\n<p><b>Elisabeth Lefebvre<\/b> (<span style=\"font-size: 16px; text-transform: inherit;\">Pr\u00e9sidente association CapOnord)<\/span><\/p>\t\t\t\t\t\t\t\t<\/div>\n\t\t\t\t\t<\/div>\n\t\t\t\t<\/div>\n\t\t\t\t<\/div>\n\t\t","protected":false},"excerpt":{"rendered":"<p>Le Comit\u00e9 Directeur se joint \u00e0 moi pour vous souhaiter de bonnes f\u00eates de fin d&#8217;ann\u00e9e! Joyeux no\u00ebl \u00e0 tous.&nbsp; Elisabeth Lefebvre (Pr\u00e9sidente association CapOnord)<\/p>\n","protected":false},"author":27,"featured_media":0,"parent":0,"menu_order":0,"comment_status":"closed","ping_status":"closed","template":"","meta":{"_seopress_robots_primary_cat":"","_seopress_titles_title":"","_seopress_titles_desc":"","_seopress_robots_index":"","footnotes":""},"class_list":["post-4081","page","type-page","status-publish","hentry"],"_links":{"self":[{"href":"https:\/\/caponord-sports-orientation.fr\/index.php\/wp-json\/wp\/v2\/pages\/4081","targetHints":{"allow":["GET"]}}],"collection":[{"href":"https:\/\/caponord-sports-orientation.fr\/index.php\/wp-json\/wp\/v2\/pages"}],"about":[{"href":"https:\/\/caponord-sports-orientation.fr\/index.php\/wp-json\/wp\/v2\/types\/page"}],"author":[{"embeddable":true,"href":"https:\/\/caponord-sports-orientation.fr\/index.php\/wp-json\/wp\/v2\/users\/27"}],"replies":[{"embeddable":true,"href":"https:\/\/caponord-sports-orientation.fr\/index.php\/wp-json\/wp\/v2\/comments?post=4081"}],"version-history":[{"count":5,"href":"https:\/\/caponord-sports-orientation.fr\/index.php\/wp-json\/wp\/v2\/pages\/4081\/revisions"}],"predecessor-version":[{"id":4087,"href":"https:\/\/caponord-sports-orientation.fr\/index.php\/wp-json\/wp\/v2\/pages\/4081\/revisions\/4087"}],"wp:attachment":[{"href":"https:\/\/caponord-sports-orientation.fr\/index.php\/wp-json\/wp\/v2\/media?parent=4081"}],"curies":[{"name":"wp","href":"https:\/\/api.w.org\/{rel}","templated":true}]}}