{"id":4454,"date":"2026-04-07T22:33:40","date_gmt":"2026-04-07T20:33:40","guid":{"rendered":"https:\/\/caponord-sports-orientation.fr\/?page_id=4454"},"modified":"2026-04-07T22:36:12","modified_gmt":"2026-04-07T20:36:12","slug":"md-tournehem-2026","status":"publish","type":"page","link":"https:\/\/caponord-sports-orientation.fr\/index.php\/md-tournehem-2026\/","title":{"rendered":"MD Tournehem 2026"},"content":{"rendered":"\t\t<div data-elementor-type=\"wp-page\" data-elementor-id=\"4454\" class=\"elementor elementor-4454\">\n\t\t\t\t<div class=\"elementor-element elementor-element-62d064d e-flex e-con-boxed wpr-particle-no wpr-jarallax-no wpr-parallax-no wpr-sticky-section-no e-con e-parent\" data-id=\"62d064d\" data-element_type=\"container\" data-e-type=\"container\">\n\t\t\t\t\t<div class=\"e-con-inner\">\n\t\t\t\t<div class=\"elementor-element elementor-element-75f5879 elementor-widget elementor-widget-text-editor\" data-id=\"75f5879\" data-element_type=\"widget\" data-e-type=\"widget\" data-widget_type=\"text-editor.default\">\n\t\t\t\t\t\t\t\t\t<p>Les r\u00e9sultats et les photos:<\/p><p><!-- \/wp:paragraph --> <!-- wp:paragraph --><\/p><p><a href=\"https:\/\/photos.google.com\/share\/AF1QipMKu3deS5hCKrwQ_1Z9K9n7PwD1iLh21UYE1MwAJXr8KpkK1IziiqeicMgzhQ0gzw?key=SkVfRUhpTzBKSUtoLWdDbXBiRGlzWG1pVlc2NXJR\" target=\"_blank\" rel=\"noreferrer noopener\" data-type=\"link\" data-id=\"https:\/\/photos.google.com\/share\/AF1QipMKu3deS5hCKrwQ_1Z9K9n7PwD1iLh21UYE1MwAJXr8KpkK1IziiqeicMgzhQ0gzw?key=SkVfRUhpTzBKSUtoLWdDbXBiRGlzWG1pVlc2NXJR\">Les photos<\/a><\/p><p><!-- \/wp:paragraph --> <!-- wp:paragraph --><\/p><p><a href=\"https:\/\/www.facebook.com\/profile.php?id=100063467023777&amp;locale=fr_FR\" target=\"_blank\" rel=\"noreferrer noopener\" data-type=\"link\" data-id=\"https:\/\/www.facebook.com\/profile.php?id=100063467023777&amp;locale=fr_FR\">Les r\u00e9sultats<\/a><\/p><p><!-- \/wp:paragraph --> <!-- wp:paragraph --><\/p><p>Derni\u00e8re nouvelle (au 24\/3\/26) :<\/p><p><!-- \/wp:paragraph --> <!-- wp:paragraph {\"style\":{\"typography\":{\"fontSize\":\"20px\"}}} --><\/p><p>Acc\u00e8s au tableaux d&#8217;inscription des heures de d\u00e9part souhait\u00e9 : <a href=\"https:\/\/docs.google.com\/spreadsheets\/d\/1t62Tac9g37_urdemdw4LjR1JpA6Xk2TDh2oFWj9Tnro\/edit?usp=sharing\" target=\"_blank\" rel=\"noreferrer noopener\"><strong>ICI<\/strong><\/a><\/p><p><!-- \/wp:paragraph --> <!-- wp:separator --><\/p><hr class=\"wp-block-separator has-alpha-channel-opacity\" \/><p><!-- \/wp:separator --> <!-- wp:paragraph {\"fontSize\":\"large\"} --><\/p><p class=\"has-large-font-size\">Pour tout savoir sur le menu propos\u00e9, voici l&#8217;<a href=\"https:\/\/caponord-sports-orientation.fr\/wp-content\/uploads\/2026\/03\/AdC_28Mars2026_MD_Tournehem_By-CapOnord-.pdf\" target=\"_blank\" rel=\"noreferrer noopener\" data-type=\"link\" data-id=\"https:\/\/caponord-sports-orientation.fr\/wp-content\/uploads\/2026\/03\/AdC_28Mars2026_MD_Tournehem_By-CapOnord-.pdf\">annonce de course<\/a><\/p><p><!-- \/wp:paragraph --> <!-- wp:paragraph {\"fitText\":true} --><\/p><p class=\"has-fit-text\">Les NON licenci\u00e9s FFCO sont pri\u00e9s de s&#8217;inscrire via la plateforme <a href=\"https:\/\/www.helloasso.com\/associations\/caponord-sports-d-orientation\/evenements\/moyenne-distance-tournehem\" target=\"_blank\" rel=\"noreferrer noopener\" data-type=\"link\" data-id=\"https:\/\/www.helloasso.com\/associations\/caponord-sports-d-orientation\/evenements\/moyenne-distance-tournehem\">HelloAsso <\/a>(sans surco\u00fbt selon choix).<\/p><p><!-- \/wp:paragraph --> <!-- wp:paragraph {\"style\":{\"elements\":{\"link\":{\"color\":{\"text\":\"var:preset|color|button-hover-color\"}}},\"typography\":{\"fontSize\":\"18px\"}},\"textColor\":\"button-hover-color\"} --><\/p><p class=\"has-button-hover-color-color has-text-color has-link-color\">Les licenci\u00e9s de la ligue, s&#8217;inscrivent via le responsable d&#8217;inscriptions de leur club.<\/p><p><!-- \/wp:paragraph --><\/p>\t\t\t\t\t\t\t\t<\/div>\n\t\t\t\t\t<\/div>\n\t\t\t\t<\/div>\n\t\t<div class=\"elementor-element elementor-element-1320aef e-flex e-con-boxed wpr-particle-no wpr-jarallax-no wpr-parallax-no wpr-sticky-section-no e-con e-parent\" data-id=\"1320aef\" data-element_type=\"container\" data-e-type=\"container\">\n\t\t\t\t\t<div class=\"e-con-inner\">\n\t\t\t\t<div class=\"elementor-element elementor-element-274c976 elementor-widget elementor-widget-image\" data-id=\"274c976\" data-element_type=\"widget\" data-e-type=\"widget\" data-widget_type=\"image.default\">\n\t\t\t\t\t\t\t\t\t\t\t\t\t\t\t<img alt=\"\" fetchpriority=\"high\" decoding=\"async\" width=\"724\" height=\"1024\" src=\"https:\/\/caponord-sports-orientation.fr\/wp-content\/uploads\/2026\/03\/Affiche_280326_MD_Tournehem-724x1024.jpg\" class=\"attachment-large size-large wp-image-4376\" alt=\"\" srcset=\"https:\/\/caponord-sports-orientation.fr\/wp-content\/uploads\/2026\/03\/Affiche_280326_MD_Tournehem-724x1024.jpg 724w, https:\/\/caponord-sports-orientation.fr\/wp-content\/uploads\/2026\/03\/Affiche_280326_MD_Tournehem-212x300.jpg 212w, https:\/\/caponord-sports-orientation.fr\/wp-content\/uploads\/2026\/03\/Affiche_280326_MD_Tournehem-768x1086.jpg 768w, https:\/\/caponord-sports-orientation.fr\/wp-content\/uploads\/2026\/03\/Affiche_280326_MD_Tournehem-1086x1536.jpg 1086w, https:\/\/caponord-sports-orientation.fr\/wp-content\/uploads\/2026\/03\/Affiche_280326_MD_Tournehem-100x141.jpg 100w, https:\/\/caponord-sports-orientation.fr\/wp-content\/uploads\/2026\/03\/Affiche_280326_MD_Tournehem-150x212.jpg 150w, https:\/\/caponord-sports-orientation.fr\/wp-content\/uploads\/2026\/03\/Affiche_280326_MD_Tournehem-200x283.jpg 200w, https:\/\/caponord-sports-orientation.fr\/wp-content\/uploads\/2026\/03\/Affiche_280326_MD_Tournehem-300x424.jpg 300w, https:\/\/caponord-sports-orientation.fr\/wp-content\/uploads\/2026\/03\/Affiche_280326_MD_Tournehem-450x636.jpg 450w, https:\/\/caponord-sports-orientation.fr\/wp-content\/uploads\/2026\/03\/Affiche_280326_MD_Tournehem-600x849.jpg 600w, https:\/\/caponord-sports-orientation.fr\/wp-content\/uploads\/2026\/03\/Affiche_280326_MD_Tournehem-900x1273.jpg 900w, https:\/\/caponord-sports-orientation.fr\/wp-content\/uploads\/2026\/03\/Affiche_280326_MD_Tournehem.jpg 1414w\" sizes=\"(max-width: 724px) 100vw, 724px\" \/>\t\t\t\t\t\t\t\t\t\t\t\t\t\t\t<\/div>\n\t\t\t\t\t<\/div>\n\t\t\t\t<\/div>\n\t\t\t\t<\/div>\n\t\t","protected":false},"excerpt":{"rendered":"<p>Les r\u00e9sultats et les photos: Les photos Les r\u00e9sultats Derni\u00e8re nouvelle (au 24\/3\/26) : Acc\u00e8s au tableaux d&#8217;inscription des heures de d\u00e9part souhait\u00e9 : ICI Pour tout savoir sur le menu propos\u00e9, voici l&#8217;annonce de course Les NON licenci\u00e9s FFCO &hellip;<\/p>\n<p class=\"read-more\"> <a class=\"more-link\" href=\"https:\/\/caponord-sports-orientation.fr\/index.php\/md-tournehem-2026\/\"> <span class=\"screen-reader-text\">MD Tournehem 2026<\/span> Read More &raquo;<\/a><\/p>\n","protected":false},"author":27,"featured_media":0,"parent":0,"menu_order":0,"comment_status":"closed","ping_status":"closed","template":"","meta":{"_seopress_robots_primary_cat":"","_seopress_titles_title":"","_seopress_titles_desc":"","_seopress_robots_index":"","footnotes":""},"class_list":["post-4454","page","type-page","status-publish","hentry"],"_links":{"self":[{"href":"https:\/\/caponord-sports-orientation.fr\/index.php\/wp-json\/wp\/v2\/pages\/4454","targetHints":{"allow":["GET"]}}],"collection":[{"href":"https:\/\/caponord-sports-orientation.fr\/index.php\/wp-json\/wp\/v2\/pages"}],"about":[{"href":"https:\/\/caponord-sports-orientation.fr\/index.php\/wp-json\/wp\/v2\/types\/page"}],"author":[{"embeddable":true,"href":"https:\/\/caponord-sports-orientation.fr\/index.php\/wp-json\/wp\/v2\/users\/27"}],"replies":[{"embeddable":true,"href":"https:\/\/caponord-sports-orientation.fr\/index.php\/wp-json\/wp\/v2\/comments?post=4454"}],"version-history":[{"count":4,"href":"https:\/\/caponord-sports-orientation.fr\/index.php\/wp-json\/wp\/v2\/pages\/4454\/revisions"}],"predecessor-version":[{"id":4460,"href":"https:\/\/caponord-sports-orientation.fr\/index.php\/wp-json\/wp\/v2\/pages\/4454\/revisions\/4460"}],"wp:attachment":[{"href":"https:\/\/caponord-sports-orientation.fr\/index.php\/wp-json\/wp\/v2\/media?parent=4454"}],"curies":[{"name":"wp","href":"https:\/\/api.w.org\/{rel}","templated":true}]}}